{"id":44,"date":"2025-04-25T14:45:59","date_gmt":"2025-04-25T12:45:59","guid":{"rendered":"https:\/\/home.microfrucht.de\/about\/"},"modified":"2025-04-26T20:02:37","modified_gmt":"2025-04-26T18:02:37","slug":"about","status":"publish","type":"page","link":"https:\/\/home.microfrucht.de\/?page_id=44","title":{"rendered":"Unternehmenszahlen"},"content":{"rendered":"\n\n\n\n\n<h1 [object NamedNodeMap]>Unternehmenszahlen<\/h1>\n\n\n\n<h2><strong style=\"font-weight: bold; color: rgb(51, 51, 51); font-family: Arial, Helvetica, sans-serif; font-size: 14px; font-style: normal; font-variant-ligatures: normal; font-variant-caps: normal;\">Der Dienst\u00e4lteste \u2013 im Fokus.<\/strong><\/h2>\n\n\n\n<p><span style=\"color: rgb(51, 51, 51); font-family: Arial, Helvetica, sans-serif; font-size: 14px; font-style: normal; font-variant-ligatures: normal; font-variant-caps: normal; font-weight: 400;\">Die Micro Frucht Handels- GmbH hat ihren Hauptsitz im M\u00fcnchener Gro\u00dfmarkt und steht dem Kunden seit l\u00e4nger als 40 Jahren hier pr\u00e4sent. Durch die g\u00fcnstige Transit-Lage in Mitteleuropa und die N\u00e4he zu vielen Landesgrenzen verf\u00fcgen \u00fcber ein sehr engmaschiges und leistungsf\u00e4higes Distributions- und Zustellnetzwerk nicht nur in Deutschland, sondern in ganz Europa.<\/span><br><span style=\"color: rgb(51, 51, 51); font-family: Arial, Helvetica, sans-serif; font-size: 14px; font-style: normal; font-variant-ligatures: normal; font-variant-caps: normal; font-weight: 400;\">Wir sind zudem der Dienst\u00e4lteste t\u00fcrkische Lebensmittelgro\u00dfhandel in Europa, welches uns eine Menge Erfahrung und Pionierarbeit bescherte.\u00a0 Aus dieser Historie heraus sind wir im Stande auch komplexere Dienst- und Beratungsleistungen, wie die Er\u00f6ffnung bzw. das erfolgreiche Fortf\u00fchren eines Lebensmittelfachhandels oder neue Umsatzm\u00f6glichkeiten f\u00fcr gro\u00dfe Handelsbetriebe z.B. Supermarktketten, zu verhelfen.<\/span><br><br><br><span style=\"color: rgb(51, 51, 51); font-family: Arial, Helvetica, sans-serif; font-size: 14px; font-style: normal; font-variant-ligatures: normal; font-variant-caps: normal; font-weight: 400;\">Micro Frucht Handels- GmbH erl\u00f6st einen zweistelligen Millionenbetrag und bewegt Lebensmittel mit einem Volumen von ca. 24.000 Tonnen im Jahr. Darum liefert unsere LKW-Flotte t\u00e4glich, Tag und Nacht, im Mitteleurop\u00e4ischen-Raum im Dreil\u00e4ndereck (Bodensee) die bestellten Markenprodukte, aus.<\/span><\/p>\n\n\n\n\n\n<h1 [object NamedNodeMap]><span style=\"color: rgb(51, 51, 51); font-family: Arial, Helvetica, sans-serif; font-size: 14px; font-style: normal; font-variant-ligatures: normal; font-variant-caps: normal; font-weight: 400; text-decoration-style: initial;\">Eckdaten zu unserem Unternehmen:<\/span><\/h1>\n\n\n\n<p [object NamedNodeMap]>Eckdaten zu unserem Unternehmen:<\/p>\n\n\n\n<ul style=\"color: rgb(51, 51, 51); font-family: Arial, Helvetica, sans-serif; font-size: 14px; font-style: normal; font-variant-ligatures: normal; font-variant-caps: normal; font-weight: 400;\"><li>Gr\u00fcndungsjahr der Firma: 1972<\/li><li>Sortimentsbreite der Firma: +2000 Artikel<\/li><li>Warenausgang der Firma: 100 t\/Tag, 24.000 t\/Jahr<\/li><li>Lieferf\u00e4higkeit der Firma: 24\/h National, 72\/h Europa<\/li><\/ul>\n\n\n\n\n\n\n\n\n\n\n\n\n\n\n\n\n\n\n\n\n","protected":false},"excerpt":{"rendered":"","protected":false},"author":1,"featured_media":0,"parent":0,"menu_order":0,"comment_status":"closed","ping_status":"closed","template":"","meta":{"pagelayer_contact_templates":[],"_pagelayer_content":"","footnotes":""},"class_list":["post-44","page","type-page","status-publish","hentry"],"_links":{"self":[{"href":"https:\/\/home.microfrucht.de\/index.php?rest_route=\/wp\/v2\/pages\/44","targetHints":{"allow":["GET"]}}],"collection":[{"href":"https:\/\/home.microfrucht.de\/index.php?rest_route=\/wp\/v2\/pages"}],"about":[{"href":"https:\/\/home.microfrucht.de\/index.php?rest_route=\/wp\/v2\/types\/page"}],"author":[{"embeddable":true,"href":"https:\/\/home.microfrucht.de\/index.php?rest_route=\/wp\/v2\/users\/1"}],"replies":[{"embeddable":true,"href":"https:\/\/home.microfrucht.de\/index.php?rest_route=%2Fwp%2Fv2%2Fcomments&post=44"}],"version-history":[{"count":4,"href":"https:\/\/home.microfrucht.de\/index.php?rest_route=\/wp\/v2\/pages\/44\/revisions"}],"predecessor-version":[{"id":114,"href":"https:\/\/home.microfrucht.de\/index.php?rest_route=\/wp\/v2\/pages\/44\/revisions\/114"}],"wp:attachment":[{"href":"https:\/\/home.microfrucht.de\/index.php?rest_route=%2Fwp%2Fv2%2Fmedia&parent=44"}],"curies":[{"name":"wp","href":"https:\/\/api.w.org\/{rel}","templated":true}]}}