{"id":335,"date":"2025-04-27T00:12:26","date_gmt":"2025-04-26T22:12:26","guid":{"rendered":"https:\/\/home.microfrucht.de\/?page_id=335"},"modified":"2025-04-27T00:16:38","modified_gmt":"2025-04-26T22:16:38","slug":"wie-werde-ich-kunde","status":"publish","type":"page","link":"https:\/\/home.microfrucht.de\/?page_id=335","title":{"rendered":"Wie werde ich Kunde?"},"content":{"rendered":"\n\n\n\n<h1>Wie werde ich Kunde?<\/h1>\n\n<p>Wir werden uns umgehend mit Ihnen in Verbindung setzen.<\/p><p><br><\/p><p>In den beiden anderen PDF-Files finden Sie unsere Allgemeinen Gesch\u00e4ftsbedingungen sowie die zur Kundenanlage bei der Micro Frucht Handels GmbH ben\u00f6tigten Daten.<\/p><p><br><\/p><p>Werden Sie Kunde bei der Micro Frucht Handels GmbH. Wir freuen uns auf Sie!<\/p>\n&nbsp;<strong style=\"font-weight: bold; color: rgb(51, 51, 51); font-family: Arial, Helvetica, sans-serif; font-size: 14px; font-style: normal; font-variant-ligatures: normal; font-variant-caps: normal;\">Hinweis: Als Gro\u00dfh\u00e4ndler liefern wir nur ganze Paletten. Privatkunden werden gebeten, beim \u00f6rtlichen Einzelhandel zu kaufen.<\/strong>\n<strong\u00a0style=\"font-weight: bold;=\"\" color:=\"\" rgb(51,=\"\" 51,=\"\" 51);=\"\" font-family:=\"\" arial,=\"\" helvetica,=\"\" sans-serif;=\"\" font-size:=\"\" 14px;=\"\" font-style:=\"\" normal;=\"\" font-variant-ligatures:=\"\" font-variant-caps:=\"\" normal;\"=\"\"><table border=\"0\" cellpadding=\"2\" cellspacing=\"2\" style=\"empty-cells: show; font-size: 14px; color: rgb(51, 51, 51); font-family: Arial, Helvetica, sans-serif; font-style: normal; font-variant-ligatures: normal; font-variant-caps: normal; font-weight: 400;\"><tbody><tr><td style=\"vertical-align: top; font-weight: normal; width: 25px; height: 30px;\"><img decoding=\"async\" alt=\"\" src=\"https:\/\/www.microfrucht.de\/media\/wysiwyg\/pdf.jpg\" style=\"max-width: 100%; vertical-align: top;\">&nbsp;<\/td><td style=\"vertical-align: top; font-weight: normal;\"><span style=\"color: rgb(119, 119, 119); transition: color 300ms ease-in-out, background-color 300ms ease-in-out;\"><a href=\"https:\/\/home.microfrucht.de\/wp-content\/uploads\/2025\/04\/ben_tigte_angaben_micro.pdf\">Ben\u00f6tigte Angaben<\/a><\/span><\/td><\/tr><tr><td style=\"vertical-align: top; font-weight: normal; width: 25px; height: 30px;\"><a href=\"https:\/\/home.microfrucht.de\/wp-content\/uploads\/2025\/04\/warenkeditb_rschaft_micro.pdf\"><img decoding=\"async\" alt=\"\" src=\"https:\/\/www.microfrucht.de\/media\/wysiwyg\/pdf.jpg\" style=\"max-width: 100%; vertical-align: top;\"><\/a><\/td><td style=\"vertical-align: top; font-weight: normal;\"><span style=\"color: rgb(119, 119, 119); transition: color 300ms ease-in-out, background-color 300ms ease-in-out;\"><a href=\"https:\/\/home.microfrucht.de\/wp-content\/uploads\/2025\/04\/warenkeditb_rschaft_micro.pdf\">Warenkreditb\u00fcrgschaft<\/a><\/span><\/td><\/tr><tr><td style=\"vertical-align: top; font-weight: normal; width: 25px; height: 30px;\"><a href=\"https:\/\/home.microfrucht.de\/wp-content\/uploads\/2025\/04\/kundenfragebogengastro_micro.pdf\"><img decoding=\"async\" alt=\"\" src=\"https:\/\/www.microfrucht.de\/media\/wysiwyg\/pdf.jpg\" style=\"max-width: 100%; vertical-align: top;\"><\/a><\/td><td style=\"vertical-align: top; font-weight: normal;\"><span style=\"color: rgb(119, 119, 119); transition: color 300ms ease-in-out, background-color 300ms ease-in-out;\"><a href=\"https:\/\/home.microfrucht.de\/wp-content\/uploads\/2025\/04\/kundenfragebogengastro_micro.pdf\">Kundenfragebogen<\/a><\/span><\/td><\/tr><tr><td style=\"vertical-align: top; font-weight: normal; width: 25px; height: 30px;\"><a href=\"https:\/\/home.microfrucht.de\/wp-content\/uploads\/2025\/04\/hinweis_warenkreditbuergschaft_micro.pdf\"><img decoding=\"async\" alt=\"\" src=\"https:\/\/www.microfrucht.de\/media\/wysiwyg\/pdf.jpg\" style=\"max-width: 100%; vertical-align: top;\"><\/a><\/td><td style=\"vertical-align: top; font-weight: normal;\"><span style=\"color: rgb(119, 119, 119); transition: color 300ms ease-in-out, background-color 300ms ease-in-out;\"><a href=\"https:\/\/home.microfrucht.de\/wp-content\/uploads\/2025\/04\/hinweis_warenkreditbuergschaft_micro.pdf\">Hinweis Warenkeditb\u00fcrgschaft<\/a><\/span><\/td><\/tr><tr><td style=\"vertical-align: top; font-weight: normal; width: 25px; height: 30px;\"><a href=\"https:\/\/home.microfrucht.de\/wp-content\/uploads\/2025\/04\/abbuchungsauftrag_micro.pdf\"><img decoding=\"async\" alt=\"\" src=\"https:\/\/www.microfrucht.de\/media\/wysiwyg\/pdf.jpg\" style=\"max-width: 100%; vertical-align: top;\"><\/a><\/td><td style=\"vertical-align: top; font-weight: normal;\"><span style=\"color: rgb(119, 119, 119); transition: color 300ms ease-in-out, background-color 300ms ease-in-out;\"><a href=\"https:\/\/home.microfrucht.de\/wp-content\/uploads\/2025\/04\/abbuchungsauftrag_micro.pdf\">Abbuchungsauftrag<\/a><\/span><\/td><\/tr><tr><td style=\"vertical-align: top; font-weight: normal; width: 25px; height: 30px;\"><a href=\"https:\/\/home.microfrucht.de\/wp-content\/uploads\/2025\/04\/Haftungsausschluss.pdf\"><img decoding=\"async\" alt=\"\" src=\"https:\/\/www.microfrucht.de\/media\/wysiwyg\/pdf.jpg\" style=\"max-width: 100%; vertical-align: top;\"><\/a><\/td><td style=\"vertical-align: top; font-weight: normal;\"><span style=\"color: rgb(119, 119, 119); transition: color 300ms ease-in-out, background-color 300ms ease-in-out;\"><a href=\"https:\/\/home.microfrucht.de\/wp-content\/uploads\/2025\/04\/Haftungsausschluss.pdf\">Haftungsausschlu\u00df bei ausl\u00e4ndischen Kunden<\/a><\/span><\/td><\/tr><tr><td style=\"vertical-align: top; font-weight: normal; width: 25px; height: 30px;\"><span style=\"color: rgb(119, 119, 119); transition: color 300ms ease-in-out, background-color 300ms ease-in-out;\"><a href=\"https:\/\/home.microfrucht.de\/wp-content\/uploads\/2025\/04\/agb_micro.pdf\"><img decoding=\"async\" alt=\"\" src=\"https:\/\/www.microfrucht.de\/media\/wysiwyg\/pdf.jpg\" style=\"max-width: 100%; vertical-align: top;\"><\/a><\/span><\/td><td style=\"vertical-align: top; font-weight: normal;\"><span style=\"color: rgb(119, 119, 119); transition: color 300ms ease-in-out, background-color 300ms ease-in-out;\"><a href=\"https:\/\/home.microfrucht.de\/wp-content\/uploads\/2025\/04\/agb_micro.pdf\">Allg. Gesch\u00e4ftsbedingungen<\/a><\/span><\/td><\/tr><\/tbody><\/table><\/strong\u00a0style=\"font-weight:>\n\n\n","protected":false},"excerpt":{"rendered":"","protected":false},"author":1,"featured_media":0,"parent":0,"menu_order":0,"comment_status":"closed","ping_status":"closed","template":"","meta":{"pagelayer_contact_templates":[],"_pagelayer_content":"","footnotes":""},"class_list":["post-335","page","type-page","status-publish","hentry"],"_links":{"self":[{"href":"https:\/\/home.microfrucht.de\/index.php?rest_route=\/wp\/v2\/pages\/335","targetHints":{"allow":["GET"]}}],"collection":[{"href":"https:\/\/home.microfrucht.de\/index.php?rest_route=\/wp\/v2\/pages"}],"about":[{"href":"https:\/\/home.microfrucht.de\/index.php?rest_route=\/wp\/v2\/types\/page"}],"author":[{"embeddable":true,"href":"https:\/\/home.microfrucht.de\/index.php?rest_route=\/wp\/v2\/users\/1"}],"replies":[{"embeddable":true,"href":"https:\/\/home.microfrucht.de\/index.php?rest_route=%2Fwp%2Fv2%2Fcomments&post=335"}],"version-history":[{"count":2,"href":"https:\/\/home.microfrucht.de\/index.php?rest_route=\/wp\/v2\/pages\/335\/revisions"}],"predecessor-version":[{"id":345,"href":"https:\/\/home.microfrucht.de\/index.php?rest_route=\/wp\/v2\/pages\/335\/revisions\/345"}],"wp:attachment":[{"href":"https:\/\/home.microfrucht.de\/index.php?rest_route=%2Fwp%2Fv2%2Fmedia&parent=335"}],"curies":[{"name":"wp","href":"https:\/\/api.w.org\/{rel}","templated":true}]}}