{"id":305,"date":"2025-04-27T00:01:02","date_gmt":"2025-04-26T22:01:02","guid":{"rendered":"https:\/\/home.microfrucht.de\/?page_id=305"},"modified":"2025-04-27T00:01:02","modified_gmt":"2025-04-26T22:01:02","slug":"servicezahlen","status":"publish","type":"page","link":"https:\/\/home.microfrucht.de\/?page_id=305","title":{"rendered":"Servicezahlen"},"content":{"rendered":"\n\n\n\n\n<h1 [object NamedNodeMap]>Servicezahlen<\/h1>\n\n\n\n<h2><p style=\"color: rgb(51, 51, 51); font-family: Arial, Helvetica, sans-serif; font-size: 14px; font-style: normal; font-variant-ligatures: normal; font-variant-caps: normal; font-weight: 400;\"><strong style=\"font-weight: bold;\">Systemrelevant \u2013 durch den Erfolg unserer Kunden.<\/strong><\/p><\/h2>\n\n\n\n<p>Die Systemrelevanz eines Betriebs zeichnet sich insbesondere dadurch aus, dass das Unternehmen einen Br\u00fcckenkopf in der Lebensmittelversorgung darstellt. Ein solcher Br\u00fcckenkopf ist die Micro Frucht Handels- GmbH nun geworden. Dies belegen unsere Verkaufsmengen innerhalb unseres ethnischen Lebensmittelmarkts welcher keinesfalls isoliert ist. Es treten zunehmend auch der deutsche Lebensmitteleinzelhandel und die Discounter an uns heran.<\/p><p><br><\/p><p><br><\/p><p>Demnach bewegt die Micro Frucht Handels- GmbH, Lebensmittel mit einem Volumen von ca. 24.000 Tonnen im Jahr. Das sind durchschnittlich ganze 100 Tonnen Lebensmittel pro Werktag. Aus diesem Grund liefern unsere Berufslastkraftfahrer t\u00e4glich, Tag und Nacht, im Mitteleurop\u00e4ischen-Raum im Dreil\u00e4ndereck (Bodensee) die bestellten Markenprodukte aus.<\/p><p><br><\/p><p><br><\/p><p>Der Gro\u00dfteil unserer importierten Gaumenfreuden geht direkt nach der ordnungsgem\u00e4\u00dfen Verzollung an den L\u00e4ndergrenzen effizient und ohne lange Standzeiten an den Lebensmittelgro\u00dfhandel welche 60% unserer totalen Verkaufsmenge ausmacht. Diesen Prozess haben wir insoweit automatisiert dass wir selbst Hersteller bzw. Produzenten in dieser Hinsicht \u00fcber einen erfolgreichen Export beraten. Aus diesem Grund z\u00e4hlt das Gro\u00dfhandelsunternehmen Micro Frucht Handels- GmbH seit jeher zu den wichtigsten Anbietern von Halal-Lebensmittel-Spezialit\u00e4ten und mediterraner Kost in Europa.<\/p>\n\n\n","protected":false},"excerpt":{"rendered":"","protected":false},"author":1,"featured_media":0,"parent":0,"menu_order":0,"comment_status":"closed","ping_status":"closed","template":"","meta":{"pagelayer_contact_templates":[],"_pagelayer_content":"","footnotes":""},"class_list":["post-305","page","type-page","status-publish","hentry"],"_links":{"self":[{"href":"https:\/\/home.microfrucht.de\/index.php?rest_route=\/wp\/v2\/pages\/305","targetHints":{"allow":["GET"]}}],"collection":[{"href":"https:\/\/home.microfrucht.de\/index.php?rest_route=\/wp\/v2\/pages"}],"about":[{"href":"https:\/\/home.microfrucht.de\/index.php?rest_route=\/wp\/v2\/types\/page"}],"author":[{"embeddable":true,"href":"https:\/\/home.microfrucht.de\/index.php?rest_route=\/wp\/v2\/users\/1"}],"replies":[{"embeddable":true,"href":"https:\/\/home.microfrucht.de\/index.php?rest_route=%2Fwp%2Fv2%2Fcomments&post=305"}],"version-history":[{"count":2,"href":"https:\/\/home.microfrucht.de\/index.php?rest_route=\/wp\/v2\/pages\/305\/revisions"}],"predecessor-version":[{"id":308,"href":"https:\/\/home.microfrucht.de\/index.php?rest_route=\/wp\/v2\/pages\/305\/revisions\/308"}],"wp:attachment":[{"href":"https:\/\/home.microfrucht.de\/index.php?rest_route=%2Fwp%2Fv2%2Fmedia&parent=305"}],"curies":[{"name":"wp","href":"https:\/\/api.w.org\/{rel}","templated":true}]}}