{"id":271,"date":"2025-04-26T23:44:06","date_gmt":"2025-04-26T21:44:06","guid":{"rendered":"https:\/\/home.microfrucht.de\/?page_id=271"},"modified":"2025-04-26T23:58:43","modified_gmt":"2025-04-26T21:58:43","slug":"private-label-produkte","status":"publish","type":"page","link":"https:\/\/home.microfrucht.de\/?page_id=271","title":{"rendered":"Private-Label-Produkte"},"content":{"rendered":"\n\n\n<h1 style=\"font-weight: normal; font-size: 4rem; line-height: 1.1; font-family: Adamina, georgia, serif; min-height: 1.3125em; color: rgb(51, 51, 51); font-style: normal; font-variant-ligatures: normal; font-variant-caps: normal; text-decoration-style: initial;\">Private-Label-Produkte<\/h1>\n<h2><p style=\"color: rgb(51, 51, 51); font-family: Arial, Helvetica, sans-serif; font-size: 14px; font-style: normal; font-variant-ligatures: normal; font-variant-caps: normal; font-weight: 400;\"><strong style=\"font-weight: bold;\">Kundenw\u00fcnsche verstehen \u2013 Preis- und Leistungsniveau halten.<\/strong><\/p><\/h2>\n<p>Kundenw\u00fcnsche besser erf\u00fcllen \u2014 im harten Wettbewerb des Einzelhandels gilt dies besonders. Wir sind dabei ganz auf Ihrer Seite \u2013 seit \u00fcber 40 Jahren. Individuell und innovativ, mediterran oder nah\u00f6stlich, H\u00fclsenfr\u00fcchte, Trockenfr\u00fcchte, K\u00e4se, Fisch und Feinkost Spezialit\u00e4ten, Bio oder konventionell, optimal verpackt, in gesicherter Qualit\u00e4t, zum richtigen Preis. Unter diesem Motto stehen unsere Private-Label-Produkte.<\/p><p><br><\/p><p>&nbsp;<\/p><p><br><\/p><p>Aus unserem DAMAK\u00ae Sortiment welches die t\u00fcrkische und nah\u00f6stliche Kundschaft bedient k\u00f6nnen wir Ihnen eine Vielzahl an L\u00f6sungen anbieten. Mit weltweiten Verbindungen und Pr\u00e4senz vor Ort, Printmedien, konsequenter Qualit\u00e4tssicherung und flexibler Logistik und viel Erfahrung sind wir in den M\u00e4rkten immer am Ball. Gerade der europ\u00e4ische Gro\u00dfhandel, ethnische Lebensmitteleinzelh\u00e4ndler und Feinkostproduzenten ist an DAMAK\u00ae sehr interessiert. Aus dieser branchen\u00fcbergreifenden Zusammensetzung haben wir verschiede Verpackungsgr\u00f6\u00dfen entwickelt.<\/p><p><br><\/p><p>&nbsp;<\/p><p><br><\/p><p>Der europ\u00e4ische Gro\u00dfhandel ruft unsere Private-Label-Produkte in kompletten Paletten meistens frei Haus und in allen Gr\u00f6\u00dfen Variationen, ab. Wohingegen der ethnische Lebensmitteleinzelhandel auf Mischpaletten und handels\u00fcbliche Portionspackungen setzt. Feinkostproduzenten bestellen ausschlie\u00dflich komplette Paletten mit gro\u00dfen Eimern und Bottichen f\u00fcr die Weiterverarbeitung.<\/p><p><br><\/p><p>&nbsp;<\/p>\n\n<p><br><\/p>\n\n\n\n\n\n<p>Die Marke Damak ist unsere Hausmarke. Damak kombiniert gute Qualit\u00e4t mit g\u00fcnstigen Konditionen und einem breiten Sortiment. Die Sortimentsbreite zieht sich von getrocknetem Obst, H\u00fclsenfr\u00fcchten bis hin zu unserem Lokalpatriot, der Damak Falafel. Qualit\u00e4t und Frische steht bei Damak an erster Stelle und wird halbj\u00e4hrlich gepr\u00fcft.<\/p><p><br><\/p>\n\n\n<p style=\"text-align: center;\">Die Marke Erciyes hat sich das Ziel gesetzt, ein gro\u00dfes Sortiment qualitativ hochwertiger Wurstwaren anzubieten. F\u00fcr die Produkte wird nur ausgesuchtes HALAL Gefl\u00fcgel-, Rind- und Lammfleisch verwendet. Jedes einzelne Produkt hat seine eigene Gew\u00fcrzmischung, was einen unverwechselbaren Genuss garantiert. Qualit\u00e4t und Frische stehen bei Erciyes an erster Stelle und sind das Fundament f\u00fcr die Produkte.<\/p>\n\n\n<p>Die Marke Kale beinhaltet lediglich ein Produkt. Dieses Produkt ist allerdings so bekannt und beliebt dass keine Produkterweiterung n\u00f6tig ist. \u201eD\u00fcr\u00fcm\u201c ein t\u00fcrkischer Begriff welcher den Zustand des Wickelns eines Teigfladens beschreibt steht im direkten Zusammenhang mit dem Produkt Kale \u201eD\u00fcr\u00fcm\u201c. Das Produkt ist ein Teigfladen (Tortilla) welches nach t\u00fcrkischer Art hergestellt ist und in Imbissen bzw. Kebabh\u00e4usern Verwendung findet.<\/p><p><br><\/p>\n\n\n\n\n<h2><br><\/h2>\n<h2><br><\/h2>\n\n\n","protected":false},"excerpt":{"rendered":"","protected":false},"author":1,"featured_media":0,"parent":0,"menu_order":0,"comment_status":"closed","ping_status":"closed","template":"","meta":{"pagelayer_contact_templates":[],"_pagelayer_content":"","footnotes":""},"class_list":["post-271","page","type-page","status-publish","hentry"],"_links":{"self":[{"href":"https:\/\/home.microfrucht.de\/index.php?rest_route=\/wp\/v2\/pages\/271","targetHints":{"allow":["GET"]}}],"collection":[{"href":"https:\/\/home.microfrucht.de\/index.php?rest_route=\/wp\/v2\/pages"}],"about":[{"href":"https:\/\/home.microfrucht.de\/index.php?rest_route=\/wp\/v2\/types\/page"}],"author":[{"embeddable":true,"href":"https:\/\/home.microfrucht.de\/index.php?rest_route=\/wp\/v2\/users\/1"}],"replies":[{"embeddable":true,"href":"https:\/\/home.microfrucht.de\/index.php?rest_route=%2Fwp%2Fv2%2Fcomments&post=271"}],"version-history":[{"count":12,"href":"https:\/\/home.microfrucht.de\/index.php?rest_route=\/wp\/v2\/pages\/271\/revisions"}],"predecessor-version":[{"id":303,"href":"https:\/\/home.microfrucht.de\/index.php?rest_route=\/wp\/v2\/pages\/271\/revisions\/303"}],"wp:attachment":[{"href":"https:\/\/home.microfrucht.de\/index.php?rest_route=%2Fwp%2Fv2%2Fmedia&parent=271"}],"curies":[{"name":"wp","href":"https:\/\/api.w.org\/{rel}","templated":true}]}}