{"id":241,"date":"2025-04-26T23:16:53","date_gmt":"2025-04-26T21:16:53","guid":{"rendered":"https:\/\/home.microfrucht.de\/?page_id=241"},"modified":"2025-04-26T23:27:55","modified_gmt":"2025-04-26T21:27:55","slug":"standort","status":"publish","type":"page","link":"https:\/\/home.microfrucht.de\/?page_id=241","title":{"rendered":"Standort"},"content":{"rendered":"\n\n\n\n\n<h1>Standort<\/h1>\n\n\n\n<h2><font color=\"#333333\" face=\"Arial, Helvetica, sans-serif\"><span style=\"font-size: 14px;\">Der Standort Gro\u00dfmarkt M\u00fcnchen \u2013 eine Stadt innerhalb der Stadt.<\/span><\/font><\/h2>\n\n\n\n<p>Uns finden sie im Gro\u00dfmarkt M\u00fcnchen, mittlerweile seit \u00fcber 40 Jahren. Die Gro\u00dfmarkthalle M\u00fcnchen ist stadtzentral gelegen, aber \u00fcber den &#8220;Mittleren Ring&#8221; mit Autobahnen und Fernstra\u00dfen verbunden. Der benachbarte S\u00fcdbahnhof und eigene Gleisanlagen mit modernen Entladevorrichtungen ergeben eine optimale, zuverl\u00e4ssige Anbindung an das Schienennetz. Fahrplanm\u00e4\u00dfige G\u00fcterschnellz\u00fcge (TEEM) verkehren direkt in die Gro\u00dfmarkthalle. Die Bahn stellt Waggons nach Kundenwunsch bereit. M\u00fcnchen ist vorgeschobener Grenzeingangspunkt, Import\/Export-Formalit\u00e4ten k\u00f6nnen wir hier \u00fcber Zweigstellen der Beh\u00f6rden abwickeln. Dies garantiert effiziente Zustellung und schnelle Reaktionszeiten.<br>\u00a0<\/p>\n\n\n\n<p><strong style=\"font-weight: bold; color: rgb(51, 51, 51); font-family: Arial, Helvetica, sans-serif; font-size: 14px; font-style: normal; font-variant-ligatures: normal; font-variant-caps: normal;\">Anfahrtsskizze<\/strong><\/p>\n\n\n\n\n\n<p><strong style=\"font-weight: bold; color: rgb(51, 51, 51); font-family: Arial, Helvetica, sans-serif; font-size: 14px; font-style: normal; font-variant-ligatures: normal; font-variant-caps: normal;\"><\/strong><br><\/p><p>Anfahrt mit \u00f6ffentlichen Verkehrsmitteln: U3 und U6 bis zur Implerstra\u00dfe, Bus 31 Haltestelle Gro\u00dfmarkthalle<\/p><p><br><\/p><p><br><\/p><p>Regul\u00e4ren \u00d6ffnungszeiten f\u00fcr unsere Neu- und Bestandskunden: Mo \u2013 Fr 06:00 bis 18:00; Samstags und Sonntags geschlossen.<\/p><p>Warenannahmezeiten f\u00fcr unsere Lieferanten: Mo \u2013 Fr 10:00 bis 16:00; Samstags und Sonntags keine Warenannahme.<\/p>\n\n\n","protected":false},"excerpt":{"rendered":"","protected":false},"author":1,"featured_media":0,"parent":0,"menu_order":0,"comment_status":"closed","ping_status":"closed","template":"","meta":{"pagelayer_contact_templates":[],"_pagelayer_content":"","footnotes":""},"class_list":["post-241","page","type-page","status-publish","hentry"],"_links":{"self":[{"href":"https:\/\/home.microfrucht.de\/index.php?rest_route=\/wp\/v2\/pages\/241","targetHints":{"allow":["GET"]}}],"collection":[{"href":"https:\/\/home.microfrucht.de\/index.php?rest_route=\/wp\/v2\/pages"}],"about":[{"href":"https:\/\/home.microfrucht.de\/index.php?rest_route=\/wp\/v2\/types\/page"}],"author":[{"embeddable":true,"href":"https:\/\/home.microfrucht.de\/index.php?rest_route=\/wp\/v2\/users\/1"}],"replies":[{"embeddable":true,"href":"https:\/\/home.microfrucht.de\/index.php?rest_route=%2Fwp%2Fv2%2Fcomments&post=241"}],"version-history":[{"count":5,"href":"https:\/\/home.microfrucht.de\/index.php?rest_route=\/wp\/v2\/pages\/241\/revisions"}],"predecessor-version":[{"id":257,"href":"https:\/\/home.microfrucht.de\/index.php?rest_route=\/wp\/v2\/pages\/241\/revisions\/257"}],"wp:attachment":[{"href":"https:\/\/home.microfrucht.de\/index.php?rest_route=%2Fwp%2Fv2%2Fmedia&parent=241"}],"curies":[{"name":"wp","href":"https:\/\/api.w.org\/{rel}","templated":true}]}}