{"id":233,"date":"2025-04-26T23:13:46","date_gmt":"2025-04-26T21:13:46","guid":{"rendered":"https:\/\/home.microfrucht.de\/?page_id=233"},"modified":"2025-04-26T23:13:46","modified_gmt":"2025-04-26T21:13:46","slug":"kontakt","status":"publish","type":"page","link":"https:\/\/home.microfrucht.de\/?page_id=233","title":{"rendered":"Kontakt"},"content":{"rendered":"\n\n\n\n\n<h1>Kontakt<\/h1>\n\n\n\n<h2><font color=\"#333333\" face=\"Arial, Helvetica, sans-serif\"><span style=\"font-size: 14px;\">Der pers\u00f6nliche Kontakt ist uns wichtig \u2013 ausgekl\u00fcgelt mit System.<\/span><\/font><\/h2>\n\n\n\n<p>Wir streben stetig danach, unseren Service f\u00fcr Sie zu verbessern. Daher haben wir f\u00fcr unsere Neu- und Bestandskunden verschiedene Kommunikationsm\u00f6glichkeiten entwickelt. Treten Sie in Kontakt mit uns und nutzen Sie einfach die nebenstehenden Formulare f\u00fcr Ihre Anliegen.<\/p><p><br><\/p><p><br><\/p><p><br><\/p><p>Das \u201eR\u00fcckruf\u201c Formular nutzen meist Bestandskunden die uns entweder vergeblich versucht haben zu erreichen oder einen kostenfreien R\u00fcckruf ersuchen. Hier wird kurz das Themengebiet erw\u00e4hnt damit auch die zust\u00e4ndige Abteilung zugewiesen werden kann.<\/p><p><br><\/p><p>Bei dem \u201eAnfrage\u201c Formular sehen wir eine deutliche Frequentierung durch Neukunden. Hier k\u00f6nnen interessierte Firmen und Kaufleute ihre Anfrage pr\u00e4ziser formulieren, sodass unser Team sich auf die Anfrage vorbereiten kann. So k\u00f6nnen beide Seiten effizient und sicherer arbeiten.<\/p><p><br><\/p><p><br><\/p><p><br><\/p><p>Die \u201eStandort\u201c Angabe gibt ihnen genaue Auskunft in welchen der Geb\u00e4ude unser Unternehmen sich befindet. Au\u00dferdem k\u00f6nnen sich unsere Neu- oder Bestandskunden ein aktuelles Bild von unserer Firma machen. Weitere Angaben sind die Warenannahmezeiten f\u00fcr Lieferanten, die \u00d6ffnungszeiten f\u00fcr Neu- und Bestandskunden und die Anlieferungszonen.<\/p><p><br><\/p><p><br><\/p><p><br><\/p><p>Zuletzt finden sie das gesetzlich vorgeschriebene \u201eImpressum\u201c welcher zudem rechtlichen Inhalte bez\u00fcglich unserer Homepage und unseren Allgemeinen Gesch\u00e4ftsbedingungen beinhaltet.&nbsp;<\/p><p><br><\/p><p>National Key Account Manager: Aykut \u00d6zal, aykut.oezal@microfrucht.com<\/p><p><br><\/p><p>International Key Account Manager: Fatih Uzal; fatih.uzal@microfrucht.com<\/p>\n\n\n\n\n\n\n\n\n\n\n\n\n\n\n\n\n\n\n\n\n\n<h1 [object NamedNodeMap]><a style=\"color: rgb(119, 119, 119); text-decoration-style: initial; transition: color 300ms ease-in-out, background-color 300ms ease-in-out; font-family: Arial, Helvetica, sans-serif; font-size: 14px; font-style: normal; font-variant-ligatures: normal; font-variant-caps: normal; font-weight: 400; background-color: rgb(255, 255, 255);\" href=\"https:\/\/www.microfrucht.de\/contacts\"><strong>Kontakt Formular<\/strong><\/a><\/h1>\n\n\n\n\n\n\n\n\n","protected":false},"excerpt":{"rendered":"","protected":false},"author":1,"featured_media":0,"parent":0,"menu_order":0,"comment_status":"closed","ping_status":"closed","template":"","meta":{"pagelayer_contact_templates":[],"_pagelayer_content":"","footnotes":""},"class_list":["post-233","page","type-page","status-publish","hentry"],"_links":{"self":[{"href":"https:\/\/home.microfrucht.de\/index.php?rest_route=\/wp\/v2\/pages\/233","targetHints":{"allow":["GET"]}}],"collection":[{"href":"https:\/\/home.microfrucht.de\/index.php?rest_route=\/wp\/v2\/pages"}],"about":[{"href":"https:\/\/home.microfrucht.de\/index.php?rest_route=\/wp\/v2\/types\/page"}],"author":[{"embeddable":true,"href":"https:\/\/home.microfrucht.de\/index.php?rest_route=\/wp\/v2\/users\/1"}],"replies":[{"embeddable":true,"href":"https:\/\/home.microfrucht.de\/index.php?rest_route=%2Fwp%2Fv2%2Fcomments&post=233"}],"version-history":[{"count":4,"href":"https:\/\/home.microfrucht.de\/index.php?rest_route=\/wp\/v2\/pages\/233\/revisions"}],"predecessor-version":[{"id":240,"href":"https:\/\/home.microfrucht.de\/index.php?rest_route=\/wp\/v2\/pages\/233\/revisions\/240"}],"wp:attachment":[{"href":"https:\/\/home.microfrucht.de\/index.php?rest_route=%2Fwp%2Fv2%2Fmedia&parent=233"}],"curies":[{"name":"wp","href":"https:\/\/api.w.org\/{rel}","templated":true}]}}