{"id":226,"date":"2025-04-26T23:00:51","date_gmt":"2025-04-26T21:00:51","guid":{"rendered":"https:\/\/home.microfrucht.de\/?page_id=226"},"modified":"2025-04-26T23:00:51","modified_gmt":"2025-04-26T21:00:51","slug":"anfahrtskizze-routenplaner","status":"publish","type":"page","link":"https:\/\/home.microfrucht.de\/?page_id=226","title":{"rendered":"Anfahrtskizze\/Routenplaner"},"content":{"rendered":"\n\n\n<h1>Anfahrtskizze\/Routenplaner<\/h1><div><br><\/div>\n<h2><font color=\"#333333\" face=\"Arial, Helvetica, sans-serif\"><span style=\"font-size: 14px;\">Einfache Bestellung \u2013 bequeme Lieferung.<\/span><\/font><\/h2>\n<p>Nachdem Sie bequem in unserem Online-Shop, bei Ihrem pers\u00f6nlichen Fachberater oder dem allgemeinen Telefonverkauf die Artikelauswahl zusammengestellt und verbindlich bestellt haben, folgt eine garantierte Pr\u00fcfung der Lieferf\u00e4higkeit. Die Grundvoraussetzungen f\u00fcr eine Bestellung ist eine Mindestabnahme von einer Europoolpalette DIN EN 13698 (Mischpalette) und einem Mindestbestellwert von 750 EUR. Nach erfolgreicher Pr\u00fcfung und gr\u00fcnem Licht liefern wir mit unserer modernen Fahrzeugflotte bequem und zuverl\u00e4ssig direkt in Ihre Einrichtung.<\/p><p><br><\/p><p><br><\/p><p>Die w\u00f6chentlichen Servicerouten unseres Fuhrparks bleiben trotz j\u00e4hrlichen nachjustieren bestehen und setzten sich aktuell wie folgt zusammen:<\/p><p><br><\/p><p>I) Montags-Auslieferung an Gro\u00dfmarkt Stuttgart (DE-Baden W\u00fcrttemberg), Kempten (DE-Allg\u00e4u);<\/p><p>II) Dienstags-Auslieferung an Gro\u00dfmarkt Regensburg (DE-Oberpfalz), Dornbirn (AT-Vorarlberg);<\/p><p>III) Mittwochs-Auslieferung an Gro\u00dfmarkt Innsbruck (AT-Tirol), Salzburg (AT-Salzburg);<\/p><p>IV) Donnerstags-Auslieferung an Gro\u00dfmarkt Wels (AT-Ober\u00f6sterreich), Linz (AT-Ober\u00f6sterreich);<\/p><p>V) Freitags-Auslieferung an Gro\u00dfmarkt Ingolstadt (DE-Oberbayern), Augsburg (DE-Schwaben);<\/p><p>VI) T\u00e4gliche-Auslieferungen aus dem Gro\u00dfmarkt M\u00fcnchen innerhalb der Metropolregion M\u00fcnchen (DE-Oberbayern).<\/p><p><br><\/p><p><br><\/p><p>Alle Lieferungen die au\u00dferhalb unseres Service-Radius von 300 km liegen, werden von unseren Hausspeditionen \u00fcbernommen. Durch Rahmenvertr\u00e4ge aus denen g\u00fcnstige Frachtkonditionen entstehen, der unkomplizierten Abwicklung und die ausgeschlossene Leistungsgefahr w\u00e4hrend des Transports raten wir unseren Kunden unbedingt diesen Service in Anspruch zu nehmen. Alle weiteren Details erfahren Sie auch in unserem Online-Shop.<\/p>\n\n\n","protected":false},"excerpt":{"rendered":"","protected":false},"author":1,"featured_media":0,"parent":0,"menu_order":0,"comment_status":"closed","ping_status":"closed","template":"","meta":{"pagelayer_contact_templates":[],"_pagelayer_content":"","footnotes":""},"class_list":["post-226","page","type-page","status-publish","hentry"],"_links":{"self":[{"href":"https:\/\/home.microfrucht.de\/index.php?rest_route=\/wp\/v2\/pages\/226","targetHints":{"allow":["GET"]}}],"collection":[{"href":"https:\/\/home.microfrucht.de\/index.php?rest_route=\/wp\/v2\/pages"}],"about":[{"href":"https:\/\/home.microfrucht.de\/index.php?rest_route=\/wp\/v2\/types\/page"}],"author":[{"embeddable":true,"href":"https:\/\/home.microfrucht.de\/index.php?rest_route=\/wp\/v2\/users\/1"}],"replies":[{"embeddable":true,"href":"https:\/\/home.microfrucht.de\/index.php?rest_route=%2Fwp%2Fv2%2Fcomments&post=226"}],"version-history":[{"count":2,"href":"https:\/\/home.microfrucht.de\/index.php?rest_route=\/wp\/v2\/pages\/226\/revisions"}],"predecessor-version":[{"id":229,"href":"https:\/\/home.microfrucht.de\/index.php?rest_route=\/wp\/v2\/pages\/226\/revisions\/229"}],"wp:attachment":[{"href":"https:\/\/home.microfrucht.de\/index.php?rest_route=%2Fwp%2Fv2%2Fmedia&parent=226"}],"curies":[{"name":"wp","href":"https:\/\/api.w.org\/{rel}","templated":true}]}}