{"id":180,"date":"2025-04-26T22:04:39","date_gmt":"2025-04-26T20:04:39","guid":{"rendered":"https:\/\/home.microfrucht.de\/?page_id=180"},"modified":"2025-04-26T22:44:43","modified_gmt":"2025-04-26T20:44:43","slug":"unternehmensbelegschaft","status":"publish","type":"page","link":"https:\/\/home.microfrucht.de\/?page_id=180","title":{"rendered":"Unternehmensbelegschaft"},"content":{"rendered":"\n\n\n<h1 style=\"font-style: normal; font-variant-ligatures: normal; font-variant-caps: normal; font-family: Lobster; font-size: 30px !important;\"><br><\/h1>\n<h1 style=\"font-style: normal; font-variant-ligatures: normal; font-variant-caps: normal; font-family: Lobster; font-size: 30px !important;\">Ansprechpartner<\/h1>\n<p><br><\/p>\n<p><span style=\"color: rgb(51, 51, 51); font-family: Arial, Helvetica, sans-serif; font-size: 14px; font-style: normal; font-variant-ligatures: normal; font-variant-caps: normal; font-weight: 400;\">Verantwortlicher Gesch\u00e4ftsf\u00fchrer und Gesellschafter unserer GmbH ist Serdar Yildirim. Er kennt das Gesch\u00e4ft von Jugend an aus dem FF und f\u00fchrt unser Unternehmen vorbildlich mit viel Umsicht, Sachverstand und Kreativit\u00e4t. Den Ein- und Verkauf leiten unsere langj\u00e4hrigen Marktstrategen Fatih Uzal und Aykut \u00d6zal. Ihnen obliegt die Erschlie\u00dfung neuer M\u00e4rkte und Kunden, ebenso die laufende Aktualisierung unserer Produktpalette mit neuen Artikeln. Halit Uzun bedient unsere Selbstabholer und wickelt den Ein- und Verkauf unseres Frisch-Fisch-Sortiments ab. Eng mit ihnen zusammen arbeiten sieben Kommissionierer, unsere Fahrer und unsere Kassiererin Dilek Duman. S\u00e4mtliche Buchungsvorg\u00e4nge verarbeitet gewissenhaft Evelyn Eckl mit ihrer \u00fcber 20-j\u00e4hrigen Berufserfahrung. Adem Atmali ist verantwortlich f\u00fcr Logistik, Sicherheit und Ordnung in unserem Gro\u00dflager. F\u00fcr die Zustellung der Waren setzen wir bew\u00e4hrte und zuverl\u00e4ssige \u201eKapit\u00e4ne der Landstrasse\u201c ein.&nbsp;<\/span><\/p>\n\n\n\n\n\n<h1>Unser Team<\/h1>\n\n\n<h2><br><\/h2>\n\n\n\n\n<h6 style=\"text-align: center;\">Finanzen, Leitung Ein- und Verkauf international<span style=\"font-size: 13.3px;\">Tel. +49&nbsp;<\/span><\/h6><h6 style=\"text-align: center;\"><span style=\"font-size: 13.3px;\">(0) 89 \/ 74 61 44-33<\/span><\/h6><h6 style=\"text-align: center;\"><span style=\"font-size: 13.3px;\">Fax +49 (0) 89 \/ 74 61 44-23<\/span><\/h6><h6 style=\"text-align: center;\"><span style=\"font-size: 13.3px;\">fatih.uzal@microfrucht.com<\/span><\/h6>\n\n\n\n\n<p>Lorem Ipsum has been the industry&#8217;s standard dummy text ever since the 1500s.<\/p>\n\n\n<h2>Serdar Yildirim<\/h2>\n\n<h6 style=\"text-align: center;\">Gesch\u00e4ftsf\u00fchrer<\/h6>\n\n<h6><\/h6>\n<p style=\"text-align: center;\"><span style=\"color: rgb(51, 51, 51); font-family: Arial, Helvetica, sans-serif; font-size: 14px; font-style: normal; font-variant-ligatures: normal; font-variant-caps: normal; font-weight: 400; text-align: center;\">Tel. +49 (0) 89 \/ 74 61 44-14<\/span><br style=\"color: rgb(51, 51, 51); font-family: Arial, Helvetica, sans-serif; font-size: 14px; text-align: center;\"><span style=\"color: rgb(51, 51, 51); font-family: Arial, Helvetica, sans-serif; font-size: 14px; font-style: normal; font-variant-ligatures: normal; font-variant-caps: normal; font-weight: 400; text-align: center;\">Fax +49 (0) 89 \/ 74 61 44-26<\/span><br style=\"color: rgb(51, 51, 51); font-family: Arial, Helvetica, sans-serif; font-size: 14px; text-align: center;\"><a href=\"mailto:serdar.yildirim@microfrucht.com\" style=\"color: rgb(119, 119, 119); transition: color 300ms ease-in-out, background-color 300ms ease-in-out; font-family: Arial, Helvetica, sans-serif; font-size: 14px; font-style: normal; font-variant-ligatures: normal; font-variant-caps: normal; font-weight: 400; text-align: center; background-color: rgb(255, 255, 255);\">serdar.yildirim@microfrucht.com<\/a><\/p>\n\n\n\n\n<h6 style=\"text-align: center;\"><span style=\"font-size: 13.3px;\">Leitung Ein- und Verkauf regional<\/span><\/h6><h6 style=\"text-align: center;\"><br><\/h6>\n<p style=\"text-align: center;\">Tel. +49 (0) 89 \/ 74 61 44-11<\/p><p style=\"text-align: center;\">Fax +49 (0) 89 \/ 74 61 44-23<\/p><p style=\"text-align: center;\">aykut.oezal@microfrucht.com<\/p>\n\n\n\n\n\n","protected":false},"excerpt":{"rendered":"","protected":false},"author":1,"featured_media":0,"parent":0,"menu_order":0,"comment_status":"closed","ping_status":"closed","template":"","meta":{"pagelayer_contact_templates":[],"_pagelayer_content":"","footnotes":""},"class_list":["post-180","page","type-page","status-publish","hentry"],"_links":{"self":[{"href":"https:\/\/home.microfrucht.de\/index.php?rest_route=\/wp\/v2\/pages\/180","targetHints":{"allow":["GET"]}}],"collection":[{"href":"https:\/\/home.microfrucht.de\/index.php?rest_route=\/wp\/v2\/pages"}],"about":[{"href":"https:\/\/home.microfrucht.de\/index.php?rest_route=\/wp\/v2\/types\/page"}],"author":[{"embeddable":true,"href":"https:\/\/home.microfrucht.de\/index.php?rest_route=\/wp\/v2\/users\/1"}],"replies":[{"embeddable":true,"href":"https:\/\/home.microfrucht.de\/index.php?rest_route=%2Fwp%2Fv2%2Fcomments&post=180"}],"version-history":[{"count":7,"href":"https:\/\/home.microfrucht.de\/index.php?rest_route=\/wp\/v2\/pages\/180\/revisions"}],"predecessor-version":[{"id":210,"href":"https:\/\/home.microfrucht.de\/index.php?rest_route=\/wp\/v2\/pages\/180\/revisions\/210"}],"wp:attachment":[{"href":"https:\/\/home.microfrucht.de\/index.php?rest_route=%2Fwp%2Fv2%2Fmedia&parent=180"}],"curies":[{"name":"wp","href":"https:\/\/api.w.org\/{rel}","templated":true}]}}