{"id":150,"date":"2025-04-26T21:31:36","date_gmt":"2025-04-26T19:31:36","guid":{"rendered":"https:\/\/home.microfrucht.de\/?page_id=150"},"modified":"2025-04-26T21:32:45","modified_gmt":"2025-04-26T19:32:45","slug":"unternehmensphilosophie","status":"publish","type":"page","link":"https:\/\/home.microfrucht.de\/?page_id=150","title":{"rendered":"Unternehmensphilosophie"},"content":{"rendered":"\n\n\n\n<h1 [object NamedNodeMap]>Unternehmensphilosophie<\/h1>\n\n\n<h2><strong style=\"font-weight: bold; color: rgb(51, 51, 51); font-family: Arial, Helvetica, sans-serif; font-size: 14px; font-style: normal; font-variant-ligatures: normal; font-variant-caps: normal;\"><strong>Starke Kundenbindung \u2013 durch Markenstrategie.<\/strong><\/strong><\/h2>\n\n\n<p>Die Basis des Erfolgs der Micro Frucht Handels- GmbH besteht sicherlich aus mehreren Faktoren doch den Mehrheitsanteil tr\u00e4gt ganz bewusst das Vertriebskonzept, das ausschlie\u00dflich auf den Bedarf gewerblicher Kunden ausgerichtet ist. Ma\u00dfgeblich ist dabei unsere \u201eServicegarantie\u201c die unsere Kunden Tag f\u00fcr Tag einl\u00f6sen d\u00fcrfen.<br>\u00a0<br>Die zunehmende Digitalisierung automatisiert den Bestellvorgang allm\u00e4hlich. Immer mehr Kunden bestellen bei uns Online in unserem Webshop, welches viele Vorteile verspricht. Die Vorteile nutzen auch wir indem wir effizienter und kosteng\u00fcnstiger arbeiten k\u00f6nnen. Letztes wirkt sich auch auf die Verkaufspreise aus. Deshalb versuchen wir immer mehr Kunden von der Benutzung des Onlineshops zu \u00fcberzeugen, damit wir die eingesparten Personalkosten direkt auf die Einkaufspreise der Kunden \u00fcbertragen k\u00f6nnen.<br>\u00a0<br>Unsere Prinzipien haben wir jedoch seit Beginn unserer Unternehmung trotz Digitalisierung und Globalisierung bewahrt. Diese setzen sich wie folgt zusammen:<br><strong>I)<\/strong>\u00a0Voll-Versorgung der ethnischen Gruppen mit Markenprodukten aus der Heimat<br><strong>II)<\/strong>\u00a0Rundum Sorglos Service \u201eFrei Haus\u201c f\u00fcr unsere Bestandskunden<br><strong>III)<\/strong>\u00a0G\u00fcnstige und flexible Private-Label L\u00f6sungen<br><strong>IV)<\/strong>\u00a0Halal zertifizierte Produktl\u00f6sungen f\u00fcr den deutschen Einzelhandel<br><strong>V)<\/strong>\u00a0Lieferung von Rohstoffen f\u00fcr Gro\u00dfverbraucher und Produzenten<br><strong>VI)<\/strong>\u00a0Gro\u00dfhandel-Lieferung ab Werk des Produzenten (ganze LKW- und Containerladungen)<br>\u00a0<br>Dabei steht immer die Zufriedenheit der Kunden im Mittelpunkt unseres Denkens und Handelns: Die Kunden der Micro Frucht Handels- GmbH finden ein gleicherma\u00dfen vielf\u00e4ltiges wie ma\u00dfgeschneidertes Angebot zu attraktiven Preisen.<\/p>\n\n\n\n","protected":false},"excerpt":{"rendered":"","protected":false},"author":1,"featured_media":0,"parent":0,"menu_order":0,"comment_status":"closed","ping_status":"closed","template":"","meta":{"pagelayer_contact_templates":[],"_pagelayer_content":"","footnotes":""},"class_list":["post-150","page","type-page","status-publish","hentry"],"_links":{"self":[{"href":"https:\/\/home.microfrucht.de\/index.php?rest_route=\/wp\/v2\/pages\/150","targetHints":{"allow":["GET"]}}],"collection":[{"href":"https:\/\/home.microfrucht.de\/index.php?rest_route=\/wp\/v2\/pages"}],"about":[{"href":"https:\/\/home.microfrucht.de\/index.php?rest_route=\/wp\/v2\/types\/page"}],"author":[{"embeddable":true,"href":"https:\/\/home.microfrucht.de\/index.php?rest_route=\/wp\/v2\/users\/1"}],"replies":[{"embeddable":true,"href":"https:\/\/home.microfrucht.de\/index.php?rest_route=%2Fwp%2Fv2%2Fcomments&post=150"}],"version-history":[{"count":4,"href":"https:\/\/home.microfrucht.de\/index.php?rest_route=\/wp\/v2\/pages\/150\/revisions"}],"predecessor-version":[{"id":156,"href":"https:\/\/home.microfrucht.de\/index.php?rest_route=\/wp\/v2\/pages\/150\/revisions\/156"}],"wp:attachment":[{"href":"https:\/\/home.microfrucht.de\/index.php?rest_route=%2Fwp%2Fv2%2Fmedia&parent=150"}],"curies":[{"name":"wp","href":"https:\/\/api.w.org\/{rel}","templated":true}]}}